{"id":6,"date":"2021-06-23T14:08:08","date_gmt":"2021-06-23T12:08:08","guid":{"rendered":"https:\/\/www.buehnen.de\/blog\/?page_id=6"},"modified":"2024-04-09T09:29:45","modified_gmt":"2024-04-09T07:29:45","slug":"ueber-uns","status":"publish","type":"page","link":"https:\/\/www.buehnen.de\/blog\/ueber-uns\/","title":{"rendered":"\u00dcber uns"},"content":{"rendered":"\n<figure class=\"wp-block-image size-large\"><img data-recalc-dims=\"1\" loading=\"lazy\" decoding=\"async\" width=\"811\" height=\"233\" src=\"https:\/\/i0.wp.com\/www.buehnen.de\/blog\/wp-content\/uploads\/2021\/07\/Zitat-autor.jpg?resize=811%2C233&#038;ssl=1\" alt=\"\" class=\"wp-image-73\" srcset=\"https:\/\/i0.wp.com\/www.buehnen.de\/blog\/wp-content\/uploads\/2021\/07\/Zitat-autor.jpg?w=811&amp;ssl=1 811w, https:\/\/i0.wp.com\/www.buehnen.de\/blog\/wp-content\/uploads\/2021\/07\/Zitat-autor.jpg?resize=300%2C86&amp;ssl=1 300w, https:\/\/i0.wp.com\/www.buehnen.de\/blog\/wp-content\/uploads\/2021\/07\/Zitat-autor.jpg?resize=768%2C221&amp;ssl=1 768w\" sizes=\"auto, (max-width: 811px) 100vw, 811px\" \/><\/figure>\n\n\n\n<p>Auf dieser Seite m\u00f6chten wir Euch unser Blog-Team vorstellen.<\/p>\n\n\n\n<figure class=\"wp-block-image size-large is-resized is-style-rounded\"><img data-recalc-dims=\"1\" loading=\"lazy\" decoding=\"async\" width=\"682\" height=\"1024\" src=\"https:\/\/i0.wp.com\/www.buehnen.de\/blog\/wp-content\/uploads\/2023\/10\/HeikeLau_intranet.jpg?resize=682%2C1024&#038;ssl=1\" alt=\"\" class=\"wp-image-1317\" style=\"width:152px;height:auto\" srcset=\"https:\/\/i0.wp.com\/www.buehnen.de\/blog\/wp-content\/uploads\/2023\/10\/HeikeLau_intranet-scaled.jpg?resize=682%2C1024&amp;ssl=1 682w, https:\/\/i0.wp.com\/www.buehnen.de\/blog\/wp-content\/uploads\/2023\/10\/HeikeLau_intranet-scaled.jpg?resize=200%2C300&amp;ssl=1 200w, https:\/\/i0.wp.com\/www.buehnen.de\/blog\/wp-content\/uploads\/2023\/10\/HeikeLau_intranet-scaled.jpg?resize=768%2C1152&amp;ssl=1 768w, https:\/\/i0.wp.com\/www.buehnen.de\/blog\/wp-content\/uploads\/2023\/10\/HeikeLau_intranet-scaled.jpg?resize=1024%2C1536&amp;ssl=1 1024w, https:\/\/i0.wp.com\/www.buehnen.de\/blog\/wp-content\/uploads\/2023\/10\/HeikeLau_intranet-scaled.jpg?resize=1365%2C2048&amp;ssl=1 1365w, https:\/\/i0.wp.com\/www.buehnen.de\/blog\/wp-content\/uploads\/2023\/10\/HeikeLau_intranet-scaled.jpg?w=1706&amp;ssl=1 1706w\" sizes=\"auto, (max-width: 682px) 100vw, 682px\" \/><\/figure>\n\n\n\n<h2 class=\"wp-block-heading\">Heike Lau<\/h2>\n\n\n\n<p><em>Teamleitung Marketing<\/em><\/p>\n\n\n\n<p>Heike leitet das Team Marketing im Hause B\u00dcHNEN. Seit 2014 \u00fcbernimmt sie das Storytelling f\u00fcr unsere Produkte mit Herzblut und einer ihr eigenen Glitzer-Leidenschaft.<\/p>\n\n\n\n<hr class=\"wp-block-separator has-css-opacity\"\/>\n\n\n\n<figure class=\"wp-block-image size-large is-style-rounded\"><img data-recalc-dims=\"1\" loading=\"lazy\" decoding=\"async\" width=\"811\" height=\"233\" src=\"https:\/\/i0.wp.com\/www.buehnen.de\/blog\/wp-content\/uploads\/2021\/07\/Tim-autor.jpg?resize=811%2C233&#038;ssl=1\" alt=\"\" class=\"wp-image-98\" srcset=\"https:\/\/i0.wp.com\/www.buehnen.de\/blog\/wp-content\/uploads\/2021\/07\/Tim-autor.jpg?w=811&amp;ssl=1 811w, https:\/\/i0.wp.com\/www.buehnen.de\/blog\/wp-content\/uploads\/2021\/07\/Tim-autor.jpg?resize=300%2C86&amp;ssl=1 300w, https:\/\/i0.wp.com\/www.buehnen.de\/blog\/wp-content\/uploads\/2021\/07\/Tim-autor.jpg?resize=768%2C221&amp;ssl=1 768w\" sizes=\"auto, (max-width: 811px) 100vw, 811px\" \/><\/figure>\n\n\n\n<h2 class=\"wp-block-heading\">Tim Charzinski<\/h2>\n\n\n\n<p><em>Onlinemarketing-Manager<\/em><\/p>\n\n\n\n<p>Tim arbeitet seit 2013 in der Marketing-Abteilung und k\u00fcmmert sich um die Bereiche Online-Marketing, Mailings und Redaktion.<\/p>\n\n\n\n<hr class=\"wp-block-separator has-css-opacity\"\/>\n\n\n\n<p><\/p>\n","protected":false},"excerpt":{"rendered":"<p>Auf dieser Seite m\u00f6chten wir Euch unser Blog-Team vorstellen. Heike Lau Teamleitung Marketing Heike leitet das Team Marketing im Hause B\u00dcHNEN. Seit 2014 \u00fcbernimmt sie das Storytelling f\u00fcr unsere Produkte mit Herzblut und einer ihr eigenen Glitzer-Leidenschaft. Tim Charzinski Onlinemarketing-Manager Tim arbeitet seit 2013 in der Marketing-Abteilung und k\u00fcmmert sich um die Bereiche Online-Marketing, Mailings und Redaktion.<\/p>\n","protected":false},"author":1,"featured_media":0,"parent":0,"menu_order":0,"comment_status":"closed","ping_status":"closed","template":"","meta":{"jetpack_post_was_ever_published":false,"footnotes":""},"class_list":["post-6","page","type-page","status-publish","hentry"],"jetpack_sharing_enabled":true,"jetpack_likes_enabled":true,"_links":{"self":[{"href":"https:\/\/www.buehnen.de\/blog\/wp-json\/wp\/v2\/pages\/6","targetHints":{"allow":["GET"]}}],"collection":[{"href":"https:\/\/www.buehnen.de\/blog\/wp-json\/wp\/v2\/pages"}],"about":[{"href":"https:\/\/www.buehnen.de\/blog\/wp-json\/wp\/v2\/types\/page"}],"author":[{"embeddable":true,"href":"https:\/\/www.buehnen.de\/blog\/wp-json\/wp\/v2\/users\/1"}],"replies":[{"embeddable":true,"href":"https:\/\/www.buehnen.de\/blog\/wp-json\/wp\/v2\/comments?post=6"}],"version-history":[{"count":17,"href":"https:\/\/www.buehnen.de\/blog\/wp-json\/wp\/v2\/pages\/6\/revisions"}],"predecessor-version":[{"id":1641,"href":"https:\/\/www.buehnen.de\/blog\/wp-json\/wp\/v2\/pages\/6\/revisions\/1641"}],"wp:attachment":[{"href":"https:\/\/www.buehnen.de\/blog\/wp-json\/wp\/v2\/media?parent=6"}],"curies":[{"name":"wp","href":"https:\/\/api.w.org\/{rel}","templated":true}]}}