{"id":7,"date":"2021-06-23T14:08:08","date_gmt":"2021-06-23T12:08:08","guid":{"rendered":"https:\/\/www.buehnen.de\/blog\/?page_id=7"},"modified":"2025-08-11T10:24:39","modified_gmt":"2025-08-11T08:24:39","slug":"kontakt","status":"publish","type":"page","link":"https:\/\/www.buehnen.de\/blog\/kontakt\/","title":{"rendered":"Kontakt"},"content":{"rendered":"\n<p>B\u00fchnen GmbH &amp; Co. KG<br>Hinterm Sielhof 25<br>28277 Bremen<br>Deutschland<\/p>\n\n\n\n<p>Telefon +49 (0) 421 &#8211; 51 20-0<br>Telefax +49 (0) 421 &#8211; 51 20-260<br>E-Mail\u00a0<a href=\"mailto:info@buehnen.de\">info@buehnen.de<\/a><br><strong><br>Handelsregister:<\/strong>\u00a0AG Bremen HRA 10397<br><strong>Pers. haft. Gesellschaft:<\/strong>\u00a0B\u00fchnen Beteiligungsges. mbH,<br>Bremen HRB 5344, diese vertreten durch Ihren Gesch\u00e4ftsf\u00fchrer: Jan-Hendrik Hunke<\/p>\n\n\n\n<p><strong>Ust-IdNr.:<\/strong>&nbsp;DE 11 4618 928<br><strong>DUNS:<\/strong>&nbsp;317081388<\/p>\n\n\n\n<p>Unsere allgemeinen Gesch\u00e4ftsbedingungen finden Sie&nbsp;<a href=\"https:\/\/www.buehnen.de\/agb\">hier<\/a>.<\/p>\n\n\n\n<p>Alle Angaben auf dieser Website sind nach bestem Wissen und Gewissen zusammengestellt. Irrt\u00fcmer, zum Beispiel bei der Angabe technischer Daten, k\u00f6nnen jedoch nich<a href=\"https:\/\/www.buehnen.de\/kontakt\/deutschland\/anwendungskategorie-beispiel\">t<\/a>&nbsp;ausgeschlossen werden. Verbindlich sind die Daten in den aktuellen Produktdatenbl\u00e4tter<a href=\"https:\/\/www.buehnen.de\/kontakt\/deutschland\/zufriedensheitsbefragung\">,<\/a>&nbsp;die Sie jederzeit anfordern k\u00f6nnen. Technische \u00c4nderungen an den Produkten oder Abweichungen der gelieferten Ware von den bildlichen Darstellungen auf dieser We<a href=\"https:\/\/www.buehnen.de\/kontakt\/deutschland\/service_beispiel\">b<\/a>site behalten wir uns ausdr\u00fccklich&nbsp;<a href=\"https:\/\/www.buehnen.de\/kontakt\/deutschland\/terminvorschlag\">vor<\/a>.<\/p>\n\n\n<p>[matomo_opt_out]<\/p>","protected":false},"excerpt":{"rendered":"<p>B\u00fchnen GmbH &amp; Co. KGHinterm Sielhof 2528277 BremenDeutschland Telefon +49 (0) 421 &#8211; 51 20-0Telefax +49 (0) 421 &#8211; 51 20-260E-Mail\u00a0info@buehnen.deHandelsregister:\u00a0AG Bremen HRA 10397Pers. haft. Gesellschaft:\u00a0B\u00fchnen Beteiligungsges. mbH,Bremen HRB 5344, diese vertreten durch Ihren Gesch\u00e4ftsf\u00fchrer: Jan-Hendrik Hunke Ust-IdNr.:&nbsp;DE 11 4618 928DUNS:&nbsp;317081388 Unsere allgemeinen Gesch\u00e4ftsbedingungen finden Sie&nbsp;hier. Alle Angaben auf dieser Website sind nach bestem Wissen und Gewissen zusammengestellt. Irrt\u00fcmer, zum [&hellip;]<\/p>\n","protected":false},"author":1,"featured_media":0,"parent":0,"menu_order":0,"comment_status":"closed","ping_status":"closed","template":"","meta":{"jetpack_post_was_ever_published":false,"footnotes":""},"class_list":["post-7","page","type-page","status-publish","hentry"],"jetpack_sharing_enabled":true,"jetpack_likes_enabled":true,"_links":{"self":[{"href":"https:\/\/www.buehnen.de\/blog\/wp-json\/wp\/v2\/pages\/7","targetHints":{"allow":["GET"]}}],"collection":[{"href":"https:\/\/www.buehnen.de\/blog\/wp-json\/wp\/v2\/pages"}],"about":[{"href":"https:\/\/www.buehnen.de\/blog\/wp-json\/wp\/v2\/types\/page"}],"author":[{"embeddable":true,"href":"https:\/\/www.buehnen.de\/blog\/wp-json\/wp\/v2\/users\/1"}],"replies":[{"embeddable":true,"href":"https:\/\/www.buehnen.de\/blog\/wp-json\/wp\/v2\/comments?post=7"}],"version-history":[{"count":4,"href":"https:\/\/www.buehnen.de\/blog\/wp-json\/wp\/v2\/pages\/7\/revisions"}],"predecessor-version":[{"id":2877,"href":"https:\/\/www.buehnen.de\/blog\/wp-json\/wp\/v2\/pages\/7\/revisions\/2877"}],"wp:attachment":[{"href":"https:\/\/www.buehnen.de\/blog\/wp-json\/wp\/v2\/media?parent=7"}],"curies":[{"name":"wp","href":"https:\/\/api.w.org\/{rel}","templated":true}]}}